{"id":1113,"date":"2025-12-30T21:17:18","date_gmt":"2025-12-30T21:17:18","guid":{"rendered":"https:\/\/airelles2.ovh\/?page_id=1113"},"modified":"2026-01-03T20:03:50","modified_gmt":"2026-01-03T20:03:50","slug":"au-fil-des-jours","status":"publish","type":"page","link":"https:\/\/airelles2.ovh\/index.php\/au-fil-des-jours\/","title":{"rendered":"Au fil des jours&#8230;"},"content":{"rendered":"\n<p class=\"has-text-align-center has-text-color has-link-color has-medium-font-size wp-elements-05fb3aceeeb4df3cbb71a6beeaa3889f\" style=\"color:#990e5b\"><strong>Au fil des articles, vous d\u00e9couvrirez sur ce blog :<br><\/strong> Des astuces couture : \u00e0 partir de tutos dont je vous mets les liens ; vous verrez mes propres productions avec ou non quelques petites modifications.<\/p>\n\n\n<div class=\"wp-block-image\">\n<figure class=\"aligncenter size-large is-resized\"><img fetchpriority=\"high\" decoding=\"async\" width=\"1024\" height=\"788\" src=\"https:\/\/airelles2.ovh\/wp-content\/uploads\/2025\/10\/couture-2-1024x788.jpg\" alt=\"\" class=\"wp-image-289\" style=\"width:319px;height:auto\" srcset=\"https:\/\/airelles2.ovh\/wp-content\/uploads\/2025\/10\/couture-2-1024x788.jpg 1024w, https:\/\/airelles2.ovh\/wp-content\/uploads\/2025\/10\/couture-2-300x231.jpg 300w, https:\/\/airelles2.ovh\/wp-content\/uploads\/2025\/10\/couture-2-768x591.jpg 768w\" sizes=\"(max-width: 1024px) 100vw, 1024px\" \/><\/figure><\/div>\n\n\n<p class=\"has-text-align-center has-text-color has-link-color has-medium-font-size wp-elements-48b372db704b212f7f70ab0a849bd99b\" style=\"color:#b23958\">* Des recettes de cuisine simples, mais sans gluten et sans lactose et prot\u00e9ine de lait de vache pour les personnes comme moi intol\u00e9rantes mais d\u00e9licieuses.<br><\/p>\n\n\n<div class=\"wp-block-image\">\n<figure class=\"aligncenter size-large is-resized\"><img decoding=\"async\" width=\"794\" height=\"1024\" src=\"https:\/\/airelles2.ovh\/wp-content\/uploads\/2025\/10\/Bon-appetit-a-tous-794x1024.jpg\" alt=\"\" class=\"wp-image-287\" style=\"width:330px;height:auto\" srcset=\"https:\/\/airelles2.ovh\/wp-content\/uploads\/2025\/10\/Bon-appetit-a-tous-794x1024.jpg 794w, https:\/\/airelles2.ovh\/wp-content\/uploads\/2025\/10\/Bon-appetit-a-tous-233x300.jpg 233w, https:\/\/airelles2.ovh\/wp-content\/uploads\/2025\/10\/Bon-appetit-a-tous-768x991.jpg 768w, https:\/\/airelles2.ovh\/wp-content\/uploads\/2025\/10\/Bon-appetit-a-tous-1191x1536.jpg 1191w, https:\/\/airelles2.ovh\/wp-content\/uploads\/2025\/10\/Bon-appetit-a-tous-1588x2048.jpg 1588w, https:\/\/airelles2.ovh\/wp-content\/uploads\/2025\/10\/Bon-appetit-a-tous-scaled.jpg 1985w\" sizes=\"(max-width: 794px) 100vw, 794px\" \/><\/figure><\/div>\n\n\n<p class=\"has-text-align-center has-text-color has-link-color has-medium-font-size wp-elements-3259c2311b107eb84e84a2c62cc5006a\" style=\"color:#a11e4c\">* Des cr\u00e9ations diverses : cartes, bricolages peintures\u2026<\/p>\n\n\n\n<p class=\"has-text-align-center has-text-color has-link-color has-medium-font-size wp-elements-0deb2d3096e055b1de78bcbb75cad100\" style=\"color:#a11e4c\">* Des d\u00e9couvertes int\u00e9ressantes que je souhaite vous faire partager.<\/p>\n\n\n<div class=\"wp-block-image\">\n<figure class=\"aligncenter size-large is-resized\"><img decoding=\"async\" width=\"1024\" height=\"1024\" src=\"https:\/\/airelles2.ovh\/wp-content\/uploads\/2025\/09\/33698-1024x1024.jpg\" alt=\"\" class=\"wp-image-62\" style=\"width:280px;height:auto\" srcset=\"https:\/\/airelles2.ovh\/wp-content\/uploads\/2025\/09\/33698-1024x1024.jpg 1024w, https:\/\/airelles2.ovh\/wp-content\/uploads\/2025\/09\/33698-300x300.jpg 300w, https:\/\/airelles2.ovh\/wp-content\/uploads\/2025\/09\/33698-150x150.jpg 150w, https:\/\/airelles2.ovh\/wp-content\/uploads\/2025\/09\/33698-768x768.jpg 768w, https:\/\/airelles2.ovh\/wp-content\/uploads\/2025\/09\/33698-1536x1536.jpg 1536w, https:\/\/airelles2.ovh\/wp-content\/uploads\/2025\/09\/33698-2048x2048.jpg 2048w, https:\/\/airelles2.ovh\/wp-content\/uploads\/2025\/09\/33698-100x100.jpg 100w, https:\/\/airelles2.ovh\/wp-content\/uploads\/2025\/09\/33698-350x350.jpg 350w\" sizes=\"(max-width: 1024px) 100vw, 1024px\" \/><\/figure><\/div>\n\n\n<blockquote class=\"wp-block-quote is-layout-flow wp-block-quote-is-layout-flow\">\n<p class=\"has-text-align-center\">Tout ce que l\u2019esprit de l\u2019homme peut concevoir et croire, il peut l\u2019accomplir. \u00bb \u2014 Napol\u00e9on Hill, auteur de&nbsp;<strong><a href=\"https:\/\/amzn.to\/4pi5u9a\" target=\"_blank\" rel=\"noreferrer noopener\">R\u00e9fl\u00e9chissez et devenez riche<\/a><\/strong><\/p>\n<\/blockquote>\n\n\n\n<p><\/p>\n","protected":false},"excerpt":{"rendered":"<p>Au fil des articles, vous d\u00e9couvrirez sur ce blog : Des astuces couture : \u00e0 partir de tutos dont je vous mets les liens ; vous verrez mes propres productions avec ou non quelques petites modifications. * Des recettes de cuisine simples, mais sans gluten et sans lactose et prot\u00e9ine de lait de vache pour [&hellip;]<\/p>\n","protected":false},"author":1,"featured_media":0,"parent":0,"menu_order":0,"comment_status":"closed","ping_status":"closed","template":"","meta":{"footnotes":""},"class_list":["post-1113","page","type-page","status-publish","hentry"],"_links":{"self":[{"href":"https:\/\/airelles2.ovh\/index.php\/wp-json\/wp\/v2\/pages\/1113","targetHints":{"allow":["GET"]}}],"collection":[{"href":"https:\/\/airelles2.ovh\/index.php\/wp-json\/wp\/v2\/pages"}],"about":[{"href":"https:\/\/airelles2.ovh\/index.php\/wp-json\/wp\/v2\/types\/page"}],"author":[{"embeddable":true,"href":"https:\/\/airelles2.ovh\/index.php\/wp-json\/wp\/v2\/users\/1"}],"replies":[{"embeddable":true,"href":"https:\/\/airelles2.ovh\/index.php\/wp-json\/wp\/v2\/comments?post=1113"}],"version-history":[{"count":5,"href":"https:\/\/airelles2.ovh\/index.php\/wp-json\/wp\/v2\/pages\/1113\/revisions"}],"predecessor-version":[{"id":1127,"href":"https:\/\/airelles2.ovh\/index.php\/wp-json\/wp\/v2\/pages\/1113\/revisions\/1127"}],"wp:attachment":[{"href":"https:\/\/airelles2.ovh\/index.php\/wp-json\/wp\/v2\/media?parent=1113"}],"curies":[{"name":"wp","href":"https:\/\/api.w.org\/{rel}","templated":true}]}}